{"id":20,"date":"2017-05-04T17:07:39","date_gmt":"2017-05-04T14:07:39","guid":{"rendered":"http:\/\/metallity\u00f6thelsinki.fi\/\/?page_id=20"},"modified":"2017-09-17T12:09:02","modified_gmt":"2017-09-17T09:09:02","slug":"yhteystiedot","status":"publish","type":"page","link":"https:\/\/xn--metallitythelsinki-l3b.fi\/?page_id=20","title":{"rendered":"Yhteystiedot"},"content":{"rendered":"<div id=\"pl-20\"  class=\"panel-layout\" ><div id=\"pg-20-0\"  class=\"panel-grid panel-no-style\" ><div id=\"pgc-20-0-0\"  class=\"panel-grid-cell panel-grid-cell-empty\" ><\/div><\/div><div id=\"pg-20-1\"  class=\"panel-grid panel-no-style\" ><div id=\"pgc-20-1-0\"  class=\"panel-grid-cell\" ><div id=\"panel-20-1-0-0\" class=\"so-panel widget widget_text panel-first-child panel-last-child\" data-index=\"0\" ><div class=\"panel-widget-style panel-widget-style-for-20-1-0-0\" ><h3 class=\"widget-title\">Uudenmaan Metallity\u00f6t Oy<\/h3>\t\t\t<div class=\"textwidget\"><p>Saviriihentie 145, 04310 Tuusula<br \/>\n0400 281 381 \/ Taavi Schvarts<br \/>\nTaavi.Schvarts@gmail.com<\/p>\n<h2>Laskutusosoitteet:<\/h2>\n<p><strong>Verkkolaskut:<\/strong><\/p>\n<p>OVT-tunnus: 003724785551<\/p>\n<p>V\u00e4litt\u00e4j\u00e4n tunnus: 003708599126<\/p>\n<p>Operaattori: Liaison Technologies<\/p>\n<p>&nbsp;<\/p>\n<p><strong>Paperiset laskut:<\/strong><\/p>\n<p>Uudenmaan Metallity\u00f6t Oy<br \/>\nC\/O Tili &amp; Talous Oy<br \/>\nPL 129<br \/>\n00201 Helsinki<\/p>\n<p>&nbsp;<\/p>\n<p>Voit ottaa meihin yhteytt\u00e4 puhelimitse, s\u00e4hk\u00f6postitse tai oheisella lomakkeella.<\/p>\n<p>Kerromme mielell\u00e4mme lis\u00e4\u00e4 palveluistamme ja tulemme tarvittaessa tekem\u00e4\u00e4n arviok\u00e4ynnin paikan p\u00e4\u00e4lle.<\/p>\n<\/div>\n\t\t<\/div><\/div><\/div><div id=\"pgc-20-1-1\"  class=\"panel-grid-cell\" ><div id=\"panel-20-1-1-0\" class=\"so-panel widget widget_text panel-first-child panel-last-child\" data-index=\"1\" ><h3 class=\"widget-title\">Ota meihin yhteytt\u00e4<\/h3>\t\t\t<div class=\"textwidget\">\n<div class=\"wpcf7 no-js\" id=\"wpcf7-f56-o1\" lang=\"fi\" dir=\"ltr\" data-wpcf7-id=\"56\">\n<div class=\"screen-reader-response\"><p role=\"status\" aria-live=\"polite\" aria-atomic=\"true\"><\/p> <ul><\/ul><\/div>\n<form action=\"\/index.php?rest_route=%2Fwp%2Fv2%2Fpages%2F20#wpcf7-f56-o1\" method=\"post\" class=\"wpcf7-form init\" aria-label=\"Yhteydenottolomake\" enctype=\"multipart\/form-data\" novalidate=\"novalidate\" data-status=\"init\">\n<fieldset class=\"hidden-fields-container\"><input type=\"hidden\" name=\"_wpcf7\" value=\"56\" \/><input type=\"hidden\" name=\"_wpcf7_version\" value=\"6.1.5\" \/><input type=\"hidden\" name=\"_wpcf7_locale\" value=\"fi\" \/><input type=\"hidden\" name=\"_wpcf7_unit_tag\" value=\"wpcf7-f56-o1\" \/><input type=\"hidden\" name=\"_wpcf7_container_post\" value=\"0\" \/><input type=\"hidden\" name=\"_wpcf7_posted_data_hash\" value=\"\" \/>\n<\/fieldset>\n<p><label> Nimi (pakollinen)<br \/>\n<span class=\"wpcf7-form-control-wrap\" data-name=\"your-name\"><input size=\"40\" maxlength=\"400\" class=\"wpcf7-form-control wpcf7-text wpcf7-validates-as-required\" aria-required=\"true\" aria-invalid=\"false\" value=\"\" type=\"text\" name=\"your-name\" \/><\/span> <\/label>\n<\/p>\n<p><label> S\u00e4hk\u00f6posti (pakollinen)<br \/>\n<span class=\"wpcf7-form-control-wrap\" data-name=\"your-email\"><input size=\"40\" maxlength=\"400\" class=\"wpcf7-form-control wpcf7-email wpcf7-validates-as-required wpcf7-text wpcf7-validates-as-email\" aria-required=\"true\" aria-invalid=\"false\" value=\"\" type=\"email\" name=\"your-email\" \/><\/span> <\/label>\n<\/p>\n<p><label> Aihe<br \/>\n<span class=\"wpcf7-form-control-wrap\" data-name=\"your-subject\"><input size=\"40\" maxlength=\"400\" class=\"wpcf7-form-control wpcf7-text\" aria-invalid=\"false\" value=\"\" type=\"text\" name=\"your-subject\" \/><\/span> <\/label>\n<\/p>\n<p><label> Viesti<br \/>\n<span class=\"wpcf7-form-control-wrap\" data-name=\"your-message\"><textarea cols=\"40\" rows=\"10\" maxlength=\"2000\" class=\"wpcf7-form-control wpcf7-textarea\" aria-invalid=\"false\" name=\"your-message\"><\/textarea><\/span> <\/label>\n<\/p>\n<p><label> Liitetiedosto<br \/>\n<span class=\"wpcf7-form-control-wrap\" data-name=\"file-152\"><input size=\"40\" class=\"wpcf7-form-control wpcf7-file\" accept=\".pdf,.txt,.png,.jpg,.jpeg,.docx,.doc\" aria-invalid=\"false\" type=\"file\" name=\"file-152\" \/><\/span><\/label>\n<\/p>\n<p><input class=\"wpcf7-form-control wpcf7-submit has-spinner\" type=\"submit\" value=\"L\u00e4het\u00e4\" \/>\n<\/p><div class=\"wpcf7-response-output\" aria-hidden=\"true\"><\/div>\n<\/form>\n<\/div>\n<\/div>\n\t\t<\/div><\/div><\/div><div id=\"pg-20-2\"  class=\"panel-grid panel-has-style\" ><div class=\"panel-row-style panel-row-style-for-20-2\" ><div id=\"pgc-20-2-0\"  class=\"panel-grid-cell\" ><div id=\"panel-20-2-0-0\" class=\"so-panel widget widget_sow-google-map panel-first-child panel-last-child\" data-index=\"2\" ><div\n\t\t\t\n\t\t\tclass=\"so-widget-sow-google-map so-widget-sow-google-map-default-6b23895f316e-20\"\n\t\t\t\n\t\t>\n<div class=\"sow-google-map-canvas\"\n\tstyle=\"\"\n\tid=\"map-canvas-5668d2d1c3bc34b8b247e428575e08f0\"\n\tdata-options=\"{&quot;address&quot;:&quot;Saviriihentie 145&quot;,&quot;zoom&quot;:12,&quot;mobileZoom&quot;:12,&quot;gestureHandling&quot;:&quot;greedy&quot;,&quot;disableUi&quot;:false,&quot;markerIcon&quot;:false,&quot;markersDraggable&quot;:false,&quot;markerAtCenter&quot;:true,&quot;markerInfoDisplay&quot;:&quot;click&quot;,&quot;markerInfoMultiple&quot;:true,&quot;markerPositions&quot;:false,&quot;mapName&quot;:false,&quot;mapStyles&quot;:false,&quot;directions&quot;:&quot;&quot;,&quot;apiKey&quot;:&quot;AIzaSyC_MLGI-fomuWkN9NzbAJx3h9r194NcRQI&quot;,&quot;breakpoint&quot;:780,&quot;id&quot;:&quot;69e448&quot;}\"\n\tdata-fallback-image=\"{&quot;img&quot;:&quot;&quot;}\"><\/div>\n<\/div><\/div><\/div><\/div><\/div><div id=\"pg-20-3\"  class=\"panel-grid panel-no-style\" ><div id=\"pgc-20-3-0\"  class=\"panel-grid-cell\" ><div id=\"panel-20-3-0-0\" class=\"so-panel widget widget_media_image panel-first-child panel-last-child\" data-index=\"3\" ><div class=\"panel-widget-style panel-widget-style-for-20-3-0-0\" ><img loading=\"lazy\" decoding=\"async\" width=\"300\" height=\"61\" src=\"https:\/\/xn--metallitythelsinki-l3b.fi\/wp-content\/uploads\/2017\/05\/tv_vaaka_RGB_v11_2-1-300x61.jpg\" class=\"image wp-image-602  attachment-medium size-medium\" alt=\"\" style=\"max-width: 100%; height: auto;\" srcset=\"https:\/\/xn--metallitythelsinki-l3b.fi\/wp-content\/uploads\/2017\/05\/tv_vaaka_RGB_v11_2-1-300x61.jpg 300w, https:\/\/xn--metallitythelsinki-l3b.fi\/wp-content\/uploads\/2017\/05\/tv_vaaka_RGB_v11_2-1.jpg 371w\" sizes=\"auto, (max-width: 300px) 100vw, 300px\" \/><\/div><\/div><\/div><div id=\"pgc-20-3-1\"  class=\"panel-grid-cell\" ><div id=\"panel-20-3-1-0\" class=\"so-panel widget widget_media_image panel-first-child panel-last-child\" data-index=\"4\" ><div class=\"panel-widget-style panel-widget-style-for-20-3-1-0\" ><img loading=\"lazy\" decoding=\"async\" width=\"300\" height=\"103\" src=\"https:\/\/xn--metallitythelsinki-l3b.fi\/wp-content\/uploads\/2017\/05\/https___www.tilaajavastuu.fi_wp-content_uploads_2015_04_luotettavakumppani_RGB_-jpg-_2-1-300x103.jpg\" class=\"image wp-image-599  attachment-medium size-medium\" alt=\"\" style=\"max-width: 100%; height: auto;\" srcset=\"https:\/\/xn--metallitythelsinki-l3b.fi\/wp-content\/uploads\/2017\/05\/https___www.tilaajavastuu.fi_wp-content_uploads_2015_04_luotettavakumppani_RGB_-jpg-_2-1-300x103.jpg 300w, https:\/\/xn--metallitythelsinki-l3b.fi\/wp-content\/uploads\/2017\/05\/https___www.tilaajavastuu.fi_wp-content_uploads_2015_04_luotettavakumppani_RGB_-jpg-_2-1.jpg 370w\" sizes=\"auto, (max-width: 300px) 100vw, 300px\" \/><\/div><\/div><\/div><\/div><\/div>","protected":false},"excerpt":{"rendered":"<p>Saviriihentie 145, 04310 Tuusula 0400 281 381 \/ Taavi Schvarts Taavi.Schvarts@gmail.com Laskutusosoitteet: Verkkolaskut: OVT-tunnus: 003724785551 V\u00e4litt\u00e4j\u00e4n tunnus: 003708599126 Operaattori: Liaison Technologies &nbsp; Paperiset laskut: Uudenmaan Metallity\u00f6t Oy C\/O Tili &amp; Talous Oy PL 129 00201 Helsinki &nbsp; Voit ottaa meihin yhteytt\u00e4 puhelimitse, s\u00e4hk\u00f6postitse tai oheisella lomakkeella. Kerromme mielell\u00e4mme lis\u00e4\u00e4 palveluistamme ja tulemme tarvittaessa tekem\u00e4\u00e4n arviok\u00e4ynnin [&hellip;]<\/p>\n","protected":false},"author":1,"featured_media":0,"parent":0,"menu_order":0,"comment_status":"closed","ping_status":"closed","template":"templates\/template-full.php","meta":{"ngg_post_thumbnail":0,"footnotes":""},"class_list":["post-20","page","type-page","status-publish","hentry","post"],"_links":{"self":[{"href":"https:\/\/xn--metallitythelsinki-l3b.fi\/index.php?rest_route=\/wp\/v2\/pages\/20","targetHints":{"allow":["GET"]}}],"collection":[{"href":"https:\/\/xn--metallitythelsinki-l3b.fi\/index.php?rest_route=\/wp\/v2\/pages"}],"about":[{"href":"https:\/\/xn--metallitythelsinki-l3b.fi\/index.php?rest_route=\/wp\/v2\/types\/page"}],"author":[{"embeddable":true,"href":"https:\/\/xn--metallitythelsinki-l3b.fi\/index.php?rest_route=\/wp\/v2\/users\/1"}],"replies":[{"embeddable":true,"href":"https:\/\/xn--metallitythelsinki-l3b.fi\/index.php?rest_route=%2Fwp%2Fv2%2Fcomments&post=20"}],"version-history":[{"count":62,"href":"https:\/\/xn--metallitythelsinki-l3b.fi\/index.php?rest_route=\/wp\/v2\/pages\/20\/revisions"}],"predecessor-version":[{"id":810,"href":"https:\/\/xn--metallitythelsinki-l3b.fi\/index.php?rest_route=\/wp\/v2\/pages\/20\/revisions\/810"}],"wp:attachment":[{"href":"https:\/\/xn--metallitythelsinki-l3b.fi\/index.php?rest_route=%2Fwp%2Fv2%2Fmedia&parent=20"}],"curies":[{"name":"wp","href":"https:\/\/api.w.org\/{rel}","templated":true}]}}