{"id":32,"date":"2017-05-04T17:27:06","date_gmt":"2017-05-04T14:27:06","guid":{"rendered":"http:\/\/metallity\u00f6thelsinki.fi\/\/?page_id=32"},"modified":"2017-09-23T14:55:04","modified_gmt":"2017-09-23T11:55:04","slug":"mita-teemme","status":"publish","type":"page","link":"https:\/\/xn--metallitythelsinki-l3b.fi\/?page_id=32","title":{"rendered":"Mit\u00e4 teemme?"},"content":{"rendered":"<div id=\"pl-32\"  class=\"panel-layout\" ><div id=\"pg-32-0\"  class=\"panel-grid panel-no-style\" ><div id=\"pgc-32-0-0\"  class=\"panel-grid-cell\" ><div id=\"panel-32-0-0-0\" class=\"so-panel widget widget_text panel-first-child panel-last-child\" data-index=\"0\" >\t\t\t<div class=\"textwidget\"><h2>Metallirakenteiden valmistus- ja korjausty\u00f6t<\/h2>\n<p>Yrityksemme valmistaa ja tuottaa monipuolisia metallialan t\u00f6it\u00e4.<br \/>\nMetallit\u00f6ihimme kuuluu mm.<\/p>\n<ul>\n<li>Metalliovet<\/li>\n<li>Metalli-ikkunat<\/li>\n<li>Metallirunkoiset ovet<\/li>\n<li>Kierreportaiden asennukset<\/li>\n<\/ul>\n<p><\/br><\/p>\n<h2>Hitsausty\u00f6t<\/h2>\n<ul>\n<li>Mig- ja puikkohitsaukset<\/li>\n<li>Rautarakenteet<\/li>\n<li>Metallirakenteet<\/li>\n<li>Rst-rakenteet<\/li>\n<\/ul>\n<\/div>\n\t\t<\/div><\/div><div id=\"pgc-32-0-1\"  class=\"panel-grid-cell\" ><div id=\"panel-32-0-1-0\" class=\"so-panel widget widget_sow-image panel-first-child panel-last-child\" data-index=\"1\" ><div class=\"panel-widget-style panel-widget-style-for-32-0-1-0\" ><div\n\t\t\t\n\t\t\tclass=\"so-widget-sow-image so-widget-sow-image-default-8b5b6f678277-32\"\n\t\t\t\n\t\t>\n<div class=\"sow-image-container\">\n\t\t<img \n\tsrc=\"https:\/\/xn--metallitythelsinki-l3b.fi\/wp-content\/uploads\/2017\/05\/ovi2.jpg\" width=\"459\" height=\"816\" srcset=\"https:\/\/xn--metallitythelsinki-l3b.fi\/wp-content\/uploads\/2017\/05\/ovi2.jpg 459w, https:\/\/xn--metallitythelsinki-l3b.fi\/wp-content\/uploads\/2017\/05\/ovi2-169x300.jpg 169w\" sizes=\"(max-width: 459px) 100vw, 459px\" alt=\"\" \t\tclass=\"so-widget-image\"\/>\n\t<\/div>\n\n<\/div><\/div><\/div><\/div><\/div><\/div>","protected":false},"excerpt":{"rendered":"<p>Metallirakenteiden valmistus- ja korjausty\u00f6t Yrityksemme valmistaa ja tuottaa monipuolisia metallialan t\u00f6it\u00e4. Metallit\u00f6ihimme kuuluu mm. Metalliovet Metalli-ikkunat Metallirunkoiset ovet Kierreportaiden asennukset Hitsausty\u00f6t Mig- ja puikkohitsaukset Rautarakenteet Metallirakenteet Rst-rakenteet<\/p>\n","protected":false},"author":1,"featured_media":0,"parent":0,"menu_order":0,"comment_status":"closed","ping_status":"closed","template":"templates\/template-full.php","meta":{"ngg_post_thumbnail":0,"footnotes":""},"class_list":["post-32","page","type-page","status-publish","hentry","post"],"_links":{"self":[{"href":"https:\/\/xn--metallitythelsinki-l3b.fi\/index.php?rest_route=\/wp\/v2\/pages\/32","targetHints":{"allow":["GET"]}}],"collection":[{"href":"https:\/\/xn--metallitythelsinki-l3b.fi\/index.php?rest_route=\/wp\/v2\/pages"}],"about":[{"href":"https:\/\/xn--metallitythelsinki-l3b.fi\/index.php?rest_route=\/wp\/v2\/types\/page"}],"author":[{"embeddable":true,"href":"https:\/\/xn--metallitythelsinki-l3b.fi\/index.php?rest_route=\/wp\/v2\/users\/1"}],"replies":[{"embeddable":true,"href":"https:\/\/xn--metallitythelsinki-l3b.fi\/index.php?rest_route=%2Fwp%2Fv2%2Fcomments&post=32"}],"version-history":[{"count":55,"href":"https:\/\/xn--metallitythelsinki-l3b.fi\/index.php?rest_route=\/wp\/v2\/pages\/32\/revisions"}],"predecessor-version":[{"id":866,"href":"https:\/\/xn--metallitythelsinki-l3b.fi\/index.php?rest_route=\/wp\/v2\/pages\/32\/revisions\/866"}],"wp:attachment":[{"href":"https:\/\/xn--metallitythelsinki-l3b.fi\/index.php?rest_route=%2Fwp%2Fv2%2Fmedia&parent=32"}],"curies":[{"name":"wp","href":"https:\/\/api.w.org\/{rel}","templated":true}]}}