{"id":5,"date":"2017-05-04T10:56:45","date_gmt":"2017-05-04T07:56:45","guid":{"rendered":"http:\/\/metallity\u00f6thelsinki.fi\/\/?page_id=5"},"modified":"2017-09-23T14:57:49","modified_gmt":"2017-09-23T11:57:49","slug":"home-page","status":"publish","type":"page","link":"https:\/\/xn--metallitythelsinki-l3b.fi\/","title":{"rendered":"Home Page"},"content":{"rendered":"<div id=\"pl-5\"  class=\"panel-layout\" ><div id=\"pg-5-0\"  class=\"panel-grid panel-no-style\" ><div id=\"pgc-5-0-0\"  class=\"panel-grid-cell\" ><div id=\"panel-5-0-0-0\" class=\"so-panel widget panel-first-child panel-last-child\" data-index=\"0\" ><\/div><\/div><\/div><div id=\"pg-5-1\"  class=\"panel-grid panel-has-style\" ><div class=\"panel-row-style panel-row-style-for-5-1\" ><div id=\"pgc-5-1-0\"  class=\"panel-grid-cell\" ><div id=\"panel-5-1-0-0\" class=\"so-panel widget widget_text panel-first-child panel-last-child\" data-index=\"1\" ><div class=\"panel-widget-style panel-widget-style-for-5-1-0-0\" ><h3 class=\"widget-title\">Uudenmaan metallity\u00f6t on laadukkaisiin metalli- ja ter\u00e4srakenteisiin erikoistunut yritys<\/h3>\t\t\t<div class=\"textwidget\"><p>Uudemaan Metallity\u00f6t Oy:ll\u00e4 on ter\u00e4srakenteista vuosien kokemus. Suoritamme hitsaus- ja metallialan alihankintat\u00f6it\u00e4 nopeasti ja joustavasti. Tarjoamme asiantuntevaa palvelua ja panostamme nopeisiin, t\u00e4sm\u00e4llisiin toimituksiin sek\u00e4 korkeatasoiseen laatuun.<\/p>\n<p>&nbsp;<\/p>\n<p>Olemme tehneet yhteisty\u00f6t\u00e4 useiden rakennusliikkeiden ja teollisuuden toimijoiden kanssa. Valmistamme tuotteet aina tilausty\u00f6n\u00e4 asiakkaidemme vaativien tarpeiden mukaan. Toimitamme tilauksen joko osina tai valmiiksi asennettuina.<\/p>\n<p>&nbsp;<\/p>\n<p>Meilt\u00e4 kaikki MIG- ja puikkohitsauksesta aina rauta-, metalli- ja RST-rakenteiden hitsauksiin.<\/p>\n<p>&#8221;P\u00e4\u00e4kallopaikkamme&#8221; sijaitsee Tuusulassa, mutta toimimme p\u00e4\u00e4s\u00e4\u00e4nt\u00f6isesti koko Uudenmaan alueella.<\/p>\n<\/div>\n\t\t<\/div><\/div><\/div><\/div><\/div><div id=\"pg-5-2\"  class=\"panel-grid panel-has-style\" ><div class=\"panel-row-style panel-row-style-for-5-2\" ><div id=\"pgc-5-2-0\"  class=\"panel-grid-cell\" ><div id=\"panel-5-2-0-0\" class=\"so-panel widget widget_sow-cta panel-first-child panel-last-child\" data-index=\"2\" ><div class=\"panel-widget-style panel-widget-style-for-5-2-0-0\" ><div\n\t\t\t\n\t\t\tclass=\"so-widget-sow-cta so-widget-sow-cta-default-4b4616b4bcb6-5\"\n\t\t\t\n\t\t><div\n\tclass=\"sow-cta-base\"\n\t>\n\t\n\t<div class=\"sow-cta-wrapper\">\n\n\t\t<div class=\"sow-cta-text\">\n\t\t\t\t\t\t\t<h4 class=\"sow-cta-title\">\n\t\t\t\t\tOta meihin yhteytt\u00e4.\t\t\t\t<\/h4>\n\t\t\t\n\t\t\t\t\t\t\t<h4 class=\"sow-cta-subtitle\">\n\t\t\t\t\t Selvitet\u00e4\u00e4n yhdess\u00e4, kuinka voimme olla avuksi!\t\t\t\t<\/h4>\n\t\t\t\t\t<\/div>\n\n\t\t<div\n\t\t\t\n\t\t\tclass=\"so-widget-sow-button so-widget-sow-button-atom-f54c0409268f\"\n\t\t\t\n\t\t><div class=\"ow-button-base ow-button-align-center\"\n>\n\t\t\t<a\n\t\t\t\t\thref=\"https:\/\/xn--metallitythelsinki-l3b.fi\/?page_id=20\"\n\t\t\t\t\tclass=\"sowb-button ow-icon-placement-left ow-button-hover\" \t>\n\t\t<span>\n\t\t\t\n\t\t\tOta yhteytt\u00e4\t\t<\/span>\n\t\t\t<\/a>\n\t<\/div>\n<\/div>\n\t<\/div>\n\n\t<\/div>\n<\/div><\/div><\/div><\/div><\/div><\/div><\/div>","protected":false},"excerpt":{"rendered":"<p>Uudemaan Metallity\u00f6t Oy:ll\u00e4 on ter\u00e4srakenteista vuosien kokemus. Suoritamme hitsaus- ja metallialan alihankintat\u00f6it\u00e4 nopeasti ja joustavasti. Tarjoamme asiantuntevaa palvelua ja panostamme nopeisiin, t\u00e4sm\u00e4llisiin toimituksiin sek\u00e4 korkeatasoiseen laatuun. &nbsp; Olemme tehneet yhteisty\u00f6t\u00e4 useiden rakennusliikkeiden ja teollisuuden toimijoiden kanssa. Valmistamme tuotteet aina tilausty\u00f6n\u00e4 asiakkaidemme vaativien tarpeiden mukaan. Toimitamme tilauksen joko osina tai valmiiksi asennettuina. &nbsp; Meilt\u00e4 kaikki MIG- [&hellip;]<\/p>\n","protected":false},"author":1,"featured_media":0,"parent":0,"menu_order":0,"comment_status":"closed","ping_status":"closed","template":"home-panels.php","meta":{"ngg_post_thumbnail":0,"footnotes":""},"class_list":["post-5","page","type-page","status-publish","hentry","post"],"_links":{"self":[{"href":"https:\/\/xn--metallitythelsinki-l3b.fi\/index.php?rest_route=\/wp\/v2\/pages\/5","targetHints":{"allow":["GET"]}}],"collection":[{"href":"https:\/\/xn--metallitythelsinki-l3b.fi\/index.php?rest_route=\/wp\/v2\/pages"}],"about":[{"href":"https:\/\/xn--metallitythelsinki-l3b.fi\/index.php?rest_route=\/wp\/v2\/types\/page"}],"author":[{"embeddable":true,"href":"https:\/\/xn--metallitythelsinki-l3b.fi\/index.php?rest_route=\/wp\/v2\/users\/1"}],"replies":[{"embeddable":true,"href":"https:\/\/xn--metallitythelsinki-l3b.fi\/index.php?rest_route=%2Fwp%2Fv2%2Fcomments&post=5"}],"version-history":[{"count":425,"href":"https:\/\/xn--metallitythelsinki-l3b.fi\/index.php?rest_route=\/wp\/v2\/pages\/5\/revisions"}],"predecessor-version":[{"id":870,"href":"https:\/\/xn--metallitythelsinki-l3b.fi\/index.php?rest_route=\/wp\/v2\/pages\/5\/revisions\/870"}],"wp:attachment":[{"href":"https:\/\/xn--metallitythelsinki-l3b.fi\/index.php?rest_route=%2Fwp%2Fv2%2Fmedia&parent=5"}],"curies":[{"name":"wp","href":"https:\/\/api.w.org\/{rel}","templated":true}]}}